{"id":1280,"date":"2021-03-23T07:46:02","date_gmt":"2021-03-23T07:46:02","guid":{"rendered":"https:\/\/demo.creativethemes.com\/blocksy\/charity\/?page_id=83"},"modified":"2024-08-26T10:42:53","modified_gmt":"2024-08-26T10:42:53","slug":"podrzite-nas","status":"publish","type":"page","link":"https:\/\/sanatankultura.com\/?page_id=1280","title":{"rendered":"Podr\u017eite nas"},"content":{"rendered":"\n<div style=\"height:100px\" aria-hidden=\"true\" class=\"wp-block-spacer\" data-block-type=\"core\"><\/div>\n\n\n\n<h2 class=\"wp-block-heading\" data-block-type=\"core\">Donacije<\/h2>\n\n\n\n<p data-block-type=\"core\">Ukoliko ste u mogu\u0107nosti te nas \u017eelite osobno podr\u017eati, navedeno mo\u017eete u\u010diniti uplatom na ispod navedeni ra\u010dun udruge. A za jednostavniji pristup navedenom omogu\u0107ili smo vam prikazani kod. Svrha i iznos su polja za ru\u010dni unos po osobnom izboru.<\/p>\n\n\n\n<p data-block-type=\"core\">Hinduisti\u010dka vjerska zajednica Hrvatske &#8211; Adi Anadi<br>Juri\u0161i\u0107eva 3, Zagreb<br>OIB 11003498038<br>RBA IBAN HR6724840081103903860<\/p>\n\n\n\n<div style=\"height:100px\" aria-hidden=\"true\" class=\"wp-block-spacer\" data-block-type=\"core\"><\/div>\n\n\n\n<div class=\"wp-block-cover alignfull\" style=\"margin-top:0px;margin-bottom:0px;min-height:50vh;aspect-ratio:unset;\" data-block-type=\"core\"><span aria-hidden=\"true\" class=\"wp-block-cover__background has-background-dim-10 has-background-dim\" style=\"background-color:#a57129\"><\/span><img loading=\"lazy\" decoding=\"async\" width=\"1920\" height=\"1080\" class=\"wp-block-cover__image-background wp-image-2345\" alt=\"\" src=\"http:\/\/sanatankultura.com\/wp-content\/uploads\/2020\/12\/balaji-srinivasan-10tFAA6IIGo-unsplash.jpg\" data-object-fit=\"cover\" srcset=\"https:\/\/sanatankultura.com\/wp-content\/uploads\/2020\/12\/balaji-srinivasan-10tFAA6IIGo-unsplash.jpg 1920w, https:\/\/sanatankultura.com\/wp-content\/uploads\/2020\/12\/balaji-srinivasan-10tFAA6IIGo-unsplash-300x169.jpg 300w, https:\/\/sanatankultura.com\/wp-content\/uploads\/2020\/12\/balaji-srinivasan-10tFAA6IIGo-unsplash-1024x576.jpg 1024w, https:\/\/sanatankultura.com\/wp-content\/uploads\/2020\/12\/balaji-srinivasan-10tFAA6IIGo-unsplash-768x432.jpg 768w, https:\/\/sanatankultura.com\/wp-content\/uploads\/2020\/12\/balaji-srinivasan-10tFAA6IIGo-unsplash-1536x864.jpg 1536w\" sizes=\"(max-width: 1920px) 100vw, 1920px\" \/><div class=\"wp-block-cover__inner-container is-layout-flow wp-block-cover-is-layout-flow\">\n<div class=\"wp-block-columns are-vertically-aligned-center is-not-stacked-on-mobile is-layout-flex wp-container-core-columns-is-layout-1 wp-block-columns-is-layout-flex\" data-block-type=\"core\">\n<div class=\"wp-block-column is-vertically-aligned-center is-layout-flow wp-block-column-is-layout-flow\" data-block-type=\"core\">\n<h2 class=\"wp-block-heading has-text-align-center\" style=\"font-size:clamp(1.25rem, 1.25rem + ((1vw - 0.2rem) * 0.938), 2rem);\" data-block-type=\"core\">N\u0101ham kart\u0101 |<br>Prabhu Dip kart\u0101 |<br>Mah\u0101 Prabhu Dip kart\u0101 hi kevalam |<br>Om \u015b\u0101nti\u1e25 \u015b\u0101nti\u1e25 \u015b\u0101nti\u1e25 ||<\/h2>\n\n\n\n<p class=\"has-text-align-center\" data-block-type=\"core\"><br>Nisam ja taj koji radi.<br>Prabhu Dip je taj koji radi.<br>Jedino je Mahaprabhu Dip taj koji radi.<br>Om mir, mir, mir.<\/p>\n<\/div>\n<\/div>\n<\/div><\/div>\n","protected":false},"excerpt":{"rendered":"<p>Donacije Ukoliko ste u mogu\u0107nosti te nas \u017eelite osobno podr\u017eati, navedeno mo\u017eete u\u010diniti uplatom na ispod navedeni ra\u010dun udruge. A za jednostavniji pristup navedenom omogu\u0107ili smo vam prikazani kod. Svrha i iznos su polja za ru\u010dni unos po osobnom izboru. Hinduisti\u010dka vjerska zajednica Hrvatske &#8211; Adi AnadiJuri\u0161i\u0107eva 3, ZagrebOIB 11003498038RBA IBAN HR6724840081103903860<\/p>\n","protected":false},"author":1,"featured_media":3294,"parent":0,"menu_order":0,"comment_status":"closed","ping_status":"closed","template":"","meta":{"footnotes":""},"class_list":["post-1280","page","type-page","status-publish","has-post-thumbnail","hentry"],"blocksy_meta":{"styles_descriptor":{"styles":{"desktop":"","tablet":"","mobile":""},"google_fonts":[],"version":6}},"featured_image_urls":{"full":["https:\/\/sanatankultura.com\/wp-content\/uploads\/2021\/02\/Copy-of-_D2X2948.jpg",1920,1080,false],"thumbnail":["https:\/\/sanatankultura.com\/wp-content\/uploads\/2021\/02\/Copy-of-_D2X2948-150x150.jpg",150,150,true],"medium":["https:\/\/sanatankultura.com\/wp-content\/uploads\/2021\/02\/Copy-of-_D2X2948-300x169.jpg",300,169,true],"medium_large":["https:\/\/sanatankultura.com\/wp-content\/uploads\/2021\/02\/Copy-of-_D2X2948-768x432.jpg",768,432,true],"large":["https:\/\/sanatankultura.com\/wp-content\/uploads\/2021\/02\/Copy-of-_D2X2948-1024x576.jpg",1024,576,true],"thumblist":["https:\/\/sanatankultura.com\/wp-content\/uploads\/2021\/02\/Copy-of-_D2X2948-300x300.jpg",300,300,true],"meccarouselthumb":["https:\/\/sanatankultura.com\/wp-content\/uploads\/2021\/02\/Copy-of-_D2X2948-474x324.jpg",474,324,true],"gridsquare":["https:\/\/sanatankultura.com\/wp-content\/uploads\/2021\/02\/Copy-of-_D2X2948-391x260.jpg",391,260,true],"tileview":["https:\/\/sanatankultura.com\/wp-content\/uploads\/2021\/02\/Copy-of-_D2X2948-300x400.jpg",300,400,true],"1536x1536":["https:\/\/sanatankultura.com\/wp-content\/uploads\/2021\/02\/Copy-of-_D2X2948-1536x864.jpg",1536,864,true],"2048x2048":["https:\/\/sanatankultura.com\/wp-content\/uploads\/2021\/02\/Copy-of-_D2X2948.jpg",1920,1080,false]},"post_excerpt_stackable":"<p>Donacije Ukoliko ste u mogu\u0107nosti te nas \u017eelite osobno podr\u017eati, navedeno mo\u017eete u\u010diniti uplatom na ispod navedeni ra\u010dun udruge. A za jednostavniji pristup navedenom omogu\u0107ili smo vam prikazani kod. Svrha i iznos su polja za ru\u010dni unos po osobnom izboru. Hinduisti\u010dka vjerska zajednica Hrvatske &#8211; Adi AnadiJuri\u0161i\u0107eva 3, ZagrebOIB 11003498038RBA IBAN HR6724840081103903860 N\u0101ham kart\u0101 |Prabhu Dip kart\u0101 |Mah\u0101 Prabhu Dip kart\u0101 hi kevalam |Om \u015b\u0101nti\u1e25 \u015b\u0101nti\u1e25 \u015b\u0101nti\u1e25 || Nisam ja taj koji radi.Prabhu Dip je taj koji radi.Jedino je Mahaprabhu Dip taj koji radi.Om mir, mir, mir.<\/p>\n","category_list":"","author_info":{"name":"Swami Vivek Puri","url":"https:\/\/sanatankultura.com\/?author=1"},"comments_num":"0 comments","featured_image_urls_v2":{"full":["https:\/\/sanatankultura.com\/wp-content\/uploads\/2021\/02\/Copy-of-_D2X2948.jpg",1920,1080,false],"thumbnail":["https:\/\/sanatankultura.com\/wp-content\/uploads\/2021\/02\/Copy-of-_D2X2948-150x150.jpg",150,150,true],"medium":["https:\/\/sanatankultura.com\/wp-content\/uploads\/2021\/02\/Copy-of-_D2X2948-300x169.jpg",300,169,true],"medium_large":["https:\/\/sanatankultura.com\/wp-content\/uploads\/2021\/02\/Copy-of-_D2X2948-768x432.jpg",768,432,true],"large":["https:\/\/sanatankultura.com\/wp-content\/uploads\/2021\/02\/Copy-of-_D2X2948-1024x576.jpg",1024,576,true],"thumblist":["https:\/\/sanatankultura.com\/wp-content\/uploads\/2021\/02\/Copy-of-_D2X2948-300x300.jpg",300,300,true],"meccarouselthumb":["https:\/\/sanatankultura.com\/wp-content\/uploads\/2021\/02\/Copy-of-_D2X2948-474x324.jpg",474,324,true],"gridsquare":["https:\/\/sanatankultura.com\/wp-content\/uploads\/2021\/02\/Copy-of-_D2X2948-391x260.jpg",391,260,true],"tileview":["https:\/\/sanatankultura.com\/wp-content\/uploads\/2021\/02\/Copy-of-_D2X2948-300x400.jpg",300,400,true],"1536x1536":["https:\/\/sanatankultura.com\/wp-content\/uploads\/2021\/02\/Copy-of-_D2X2948-1536x864.jpg",1536,864,true],"2048x2048":["https:\/\/sanatankultura.com\/wp-content\/uploads\/2021\/02\/Copy-of-_D2X2948.jpg",1920,1080,false]},"post_excerpt_stackable_v2":"<p>Donacije Ukoliko ste u mogu\u0107nosti te nas \u017eelite osobno podr\u017eati, navedeno mo\u017eete u\u010diniti uplatom na ispod navedeni ra\u010dun udruge. A za jednostavniji pristup navedenom omogu\u0107ili smo vam prikazani kod. Svrha i iznos su polja za ru\u010dni unos po osobnom izboru. Hinduisti\u010dka vjerska zajednica Hrvatske &#8211; Adi AnadiJuri\u0161i\u0107eva 3, ZagrebOIB 11003498038RBA IBAN HR6724840081103903860 N\u0101ham kart\u0101 |Prabhu Dip kart\u0101 |Mah\u0101 Prabhu Dip kart\u0101 hi kevalam |Om \u015b\u0101nti\u1e25 \u015b\u0101nti\u1e25 \u015b\u0101nti\u1e25 || Nisam ja taj koji radi.Prabhu Dip je taj koji radi.Jedino je Mahaprabhu Dip taj koji radi.Om mir, mir, mir.<\/p>\n","category_list_v2":"","author_info_v2":{"name":"Swami Vivek Puri","url":"https:\/\/sanatankultura.com\/?author=1"},"comments_num_v2":"0 comments","_links":{"self":[{"href":"https:\/\/sanatankultura.com\/index.php?rest_route=\/wp\/v2\/pages\/1280"}],"collection":[{"href":"https:\/\/sanatankultura.com\/index.php?rest_route=\/wp\/v2\/pages"}],"about":[{"href":"https:\/\/sanatankultura.com\/index.php?rest_route=\/wp\/v2\/types\/page"}],"author":[{"embeddable":true,"href":"https:\/\/sanatankultura.com\/index.php?rest_route=\/wp\/v2\/users\/1"}],"replies":[{"embeddable":true,"href":"https:\/\/sanatankultura.com\/index.php?rest_route=%2Fwp%2Fv2%2Fcomments&post=1280"}],"version-history":[{"count":36,"href":"https:\/\/sanatankultura.com\/index.php?rest_route=\/wp\/v2\/pages\/1280\/revisions"}],"predecessor-version":[{"id":4837,"href":"https:\/\/sanatankultura.com\/index.php?rest_route=\/wp\/v2\/pages\/1280\/revisions\/4837"}],"wp:featuredmedia":[{"embeddable":true,"href":"https:\/\/sanatankultura.com\/index.php?rest_route=\/wp\/v2\/media\/3294"}],"wp:attachment":[{"href":"https:\/\/sanatankultura.com\/index.php?rest_route=%2Fwp%2Fv2%2Fmedia&parent=1280"}],"curies":[{"name":"wp","href":"https:\/\/api.w.org\/{rel}","templated":true}]}}