{"id":1281,"date":"2021-03-23T07:56:10","date_gmt":"2021-03-23T07:56:10","guid":{"rendered":"https:\/\/demo.creativethemes.com\/blocksy\/charity\/?page_id=85"},"modified":"2021-03-24T07:50:47","modified_gmt":"2021-03-24T07:50:47","slug":"o-nama","status":"publish","type":"page","link":"https:\/\/sanatankultura.com\/?page_id=1281","title":{"rendered":"O nama"},"content":{"rendered":"\n<div class=\"wp-block-ugb-spacer ugb-spacer ugb-4ac06c4 ugb-spacer--v2 ugb-main-block\"><div class=\"ugb-inner-block\"><div class=\"ugb-block-content\"><div class=\"ugb-spacer--inner\"><\/div><\/div><\/div><\/div>\n\n\n\n<div class=\"wp-block-ugb-columns ugb-columns ugb-75a1eaf ugb-columns--design-plain ugb-columns--columns-2 ugb-main-block\"><style>.ugb-75a1eaf > .ugb-inner-block > .ugb-block-content > .ugb-columns__item{grid-template-columns:1.20fr 0.80fr !important}.ugb-75a1eaf-content-wrapper > .ugb-column{align-items:center !important}.ugb-75a1eaf-content-wrapper > .ugb-column > .ugb-inner-block{height:auto !important}@media screen and (min-width:768px){.ugb-75a1eaf.ugb-columns{margin-top:130px !important}}@media screen and (min-width:768px) and (max-width:1025px){.ugb-75a1eaf.ugb-columns{margin-top:80px !important}}<\/style><div class=\"ugb-inner-block\"><div class=\"ugb-block-content\"><div class=\"ugb-columns__item ugb-75a1eaf-content-wrapper\">\n<div class=\"wp-block-ugb-column ugb-column ugb-d11d3e5 ugb-column--design-plain ugb-main-block\"><div class=\"ugb-inner-block\"><div class=\"ugb-block-content\"><div class=\"ugb-column__item ugb-d11d3e5-column-wrapper\"><div class=\"ugb-column__content-wrapper\">\n<div class=\"wp-block-ugb-heading ugb-heading ugb-a4a26bc ugb-main-block\"><style>.ugb-a4a26bc .ugb-heading__title{font-size:40px !important;line-height:1.2em !important}@media screen and (min-width:768px){.ugb-a4a26bc.ugb-heading{margin-top:0px !important}}@media screen and (max-width:1025px){.ugb-a4a26bc .ugb-heading__title{font-size:30px !important}}<\/style><div class=\"ugb-inner-block\"><div class=\"ugb-block-content\"><h2 class=\"ugb-heading__title\">Vjerska zajednica<\/h2><\/div><\/div><\/div>\n\n\n\n<p data-block-type=\"core\">Hinduisti\u010dka vjerska zajednica Hrvatske slijedi filozofiju Sat Sanatan Dharme, istinsku vezu sa Bo\u017eanskim jastvom, ono \u0161to dr\u017ei dru\u0161tvo i civilizaciju u skladu uz upoznavanje sa vje\u010dnim zakonima koji upravljaju univerzumom.<\/p>\n\n\n\n<p data-block-type=\"core\">HVZH je registrirana vjerska zajednica \u010diji za\u010deci postojanja u Republici Hrvatskoj se\u017eu jo\u0161 od 1984. godine, a od 2019. godine dodijeljen joj je i poseban savjetodavni statuspri Gospodarskom i socijalnom vije\u0107u UN-a (ECOSOC). Aktivnosti i rad zajednice i svih njenih slu\u017ebenika i \u010dlanova po\u010divaju na principima me\u0111ureligijske i me\u0111urasne tolerantnosti i dijaloga, uva\u017eavanja ljudskog roda kao cjeline, uva\u017eavanja svih \u017eivih bi\u0107a, okoli\u0161a, po\u0161tivanju tradicija i njegovanju mirotvorstva.<\/p>\n<\/div><\/div><\/div><\/div><\/div>\n\n\n\n<div class=\"wp-block-ugb-column ugb-column ugb-f64289c ugb-column--design-plain ugb-main-block\"><div class=\"ugb-inner-block\"><div class=\"ugb-block-content\"><div class=\"ugb-column__item ugb-f64289c-column-wrapper\"><div class=\"ugb-column__content-wrapper\">\n<div class=\"wp-block-ugb-image-box ugb-image-box ugb-1499599 ugb-image-box--v4 ugb-image-box--columns-1 ugb-image-box--design-plain ugb-image-box--align-center ugb-main-block\"><style>.ugb-1499599 .ugb-image-box__box{border-radius:0px !important}.ugb-1499599 .ugb-image-box__item{justify-content:center !important}.ugb-1499599 .ugb-image-box__item1 .ugb-image-box__image{background-image:url(http:\/\/sanatankultura.com\/wp-content\/uploads\/2020\/12\/flag-e1612349825909.jpg)}.ugb-1499599 .ugb-inner-block{text-align:center}<\/style><div class=\"ugb-inner-block\"><div class=\"ugb-block-content\"><div class=\"ugb-image-box__item ugb-image-box__item1 ugb-image-box__box\"><div class=\"ugb-image-box__box ugb-image-box__image-wrapper\"><div class=\"ugb-image-box__box ugb-image-box__image\" role=\"img\" aria-label=\"\"><\/div><\/div><div class=\"ugb-image-box__content\"><\/div><\/div><\/div><\/div><\/div>\n<\/div><\/div><\/div><\/div><\/div>\n<\/div><\/div><\/div><\/div>\n\n\n\n<div class=\"wp-block-ugb-spacer ugb-spacer ugb-53f839a ugb-spacer--v2 ugb-main-block\"><div class=\"ugb-inner-block\"><div class=\"ugb-block-content\"><div class=\"ugb-spacer--inner\"><\/div><\/div><\/div><\/div>\n\n\n\n<div class=\"wp-block-ugb-divider ugb-divider ugb-c4750cd ugb-divider--v2 ugb-divider--design-basic ugb-main-block\"><style>.ugb-c4750cd hr.ugb-divider__hr{margin-left:auto !important;margin-right:auto !important}<\/style><div class=\"ugb-inner-block\"><div class=\"ugb-block-content\"><hr class=\"ugb-divider__hr\"\/><\/div><\/div><\/div>\n\n\n\n<div class=\"wp-block-ugb-spacer ugb-spacer ugb-8cfa3ff ugb-spacer--v2 ugb-main-block\"><div class=\"ugb-inner-block\"><div class=\"ugb-block-content\"><div class=\"ugb-spacer--inner\"><\/div><\/div><\/div><\/div>\n\n\n\n<div class=\"wp-block-ugb-heading ugb-heading ugb-3a5b6dd ugb-main-block\"><style>.ugb-3a5b6dd .ugb-heading__title{font-size:40px !important;line-height:1.2em !important}@media screen and (min-width:768px){.ugb-3a5b6dd.ugb-heading{margin-top:0px !important}}@media screen and (max-width:1025px){.ugb-3a5b6dd .ugb-heading__title{font-size:30px !important}}<\/style><div class=\"ugb-inner-block\"><div class=\"ugb-block-content\"><h2 class=\"ugb-heading__title\">Djelovanje zajednice<\/h2><\/div><\/div><\/div>\n\n\n\n<p data-block-type=\"core\">Hinduisti\u010dka vjerska zajednica Hrvatske u svojem djelovanju izdvaja:<\/p>\n\n\n\n<p data-block-type=\"core\">U Zagrebu, 09. listopada 2005. u su-organizaciji Hrvatskog saveza Joge u svakodnevnom \u017eivotu i Hinduisti\u010dke vjerske zajednice Hrvatske odr\u017ean je prvi mirovni samit u slobodnoj Hrvatskoj: &#8220;Svjetski mirovni samit Sri Swamija Madhavanande i poruka Mahatme Gandhija&#8221;. Samit je odr\u017ean u koncertnoj dvorani \u201eVatroslav Lisinski\u201c. Na kraju samita posa\u0111eno je prvo Stablo Mira u Hrvatskoj. Sudjeluje u sadnji stabala mira \u0161irom Hrvatske. Do sada je posa\u0111eno nekoliko tisu\u0107a stabala, u ve\u0107im gradovima, u kopa\u010dkom Ritu, na obroncima \u017dumberka, Plje\u0161ivice itd.<\/p>\n\n\n\n<div class=\"wp-block-ugb-columns ugb-columns ugb-b27cab1 ugb-columns--design-plain ugb-columns--columns-2 ugb-main-block\"><style>.ugb-b27cab1-content-wrapper > .ugb-column{align-items:center !important}.ugb-b27cab1-content-wrapper > .ugb-column > .ugb-inner-block{height:auto !important}@media screen and (min-width:768px){.ugb-b27cab1.ugb-columns{padding-top:35px !important}}@media screen and (min-width:768px) and (max-width:1025px){.ugb-b27cab1.ugb-columns{margin-top:80px !important}}<\/style><div class=\"ugb-inner-block\"><div class=\"ugb-block-content\"><div class=\"ugb-columns__item ugb-b27cab1-content-wrapper\">\n<div class=\"wp-block-ugb-column ugb-column ugb-b9fea2a ugb-column--design-plain ugb-main-block\"><div class=\"ugb-inner-block\"><div class=\"ugb-block-content\"><div class=\"ugb-column__item ugb-b9fea2a-column-wrapper\"><div class=\"ugb-column__content-wrapper\">\n<div class=\"aligncenter wp-block-ugb-image-box ugb-image-box ugb-c2f1e7e ugb-image-box--v4 ugb-image-box--columns-1 ugb-image-box--design-plain ugb-main-block\"><style>.ugb-c2f1e7e .ugb-image-box__box{border-radius:0px !important}.ugb-c2f1e7e .ugb-image-box__item1 .ugb-image-box__image{background-image:url(http:\/\/sanatankultura.com\/wp-content\/uploads\/2021\/02\/2001-First-peace-prayer-ever-internationaly.jpg)}<\/style><div class=\"ugb-inner-block\"><div class=\"ugb-block-content\"><div class=\"ugb-image-box__item ugb-image-box__item1 ugb-image-box__box\"><div class=\"ugb-image-box__box ugb-image-box__image-wrapper\"><div class=\"ugb-image-box__box ugb-image-box__image\" role=\"img\" aria-label=\"\"><\/div><\/div><div class=\"ugb-image-box__content\"><\/div><\/div><\/div><\/div><\/div>\n<\/div><\/div><\/div><\/div><\/div>\n\n\n\n<div class=\"wp-block-ugb-column ugb-column ugb-44cd0d4 ugb-column--design-plain ugb-main-block\"><div class=\"ugb-inner-block\"><div class=\"ugb-block-content\"><div class=\"ugb-column__item ugb-44cd0d4-column-wrapper\"><div class=\"ugb-column__content-wrapper\">\n<p data-block-type=\"core\">Sudjeluje i suorganizira Molitve za mir svake godine 21. rujna, Me\u0111unarodnog dana mira progla\u0161enog od UN-a..<\/p>\n\n\n\n<p data-block-type=\"core\">Suorganizira obilje\u017eavanja 2.listopada Gandhijevog ro\u0111endana i UN-ovog Me\u0111unarodnog dana nenasilja kroz okrugle stolove, konferencije i predavanja. Najve\u0107i event u ovoj kategoriji je bila Me\u0111unarodna jednodnevna konferencija u Umagu 2010.<\/p>\n\n\n\n<p data-block-type=\"core\">2017. smo organizirali u suradnji sa Indijskim veleposlanstvom u Hrvatskoj niz putopisnih predavanja i izlo\u017ebi fotografija \u201eHimalaja \u2013 gdje oblaci prenose poruke\u201c u Karlovcu, Zagrebu, Rijeci i Vukovaru.<\/p>\n<\/div><\/div><\/div><\/div><\/div>\n<\/div><\/div><\/div><\/div>\n\n\n\n<p data-block-type=\"core\">Od 2017. redovno organiziramo, u suradnji sa Indijskim veleposlanstvom u Hrvatskoj, i niz koncerata klasi\u010dne indijske muzike te besplatna multimedijalna doga\u0111anja i predavanja o Indijskoj kulturi, praznicima i tradiciji u Zagrebu, Labinu, Rijeci, Vukovaru itd. Izdvojili bi kao primjer jedno od posljednjih, doga\u0111anje \u201eRa\u0111asthan \u2013 zemlja kraljeva\u201c koje se odr\u017ealo 9. o\u017eujka 2018. u zagreba\u010dkom Muzeju za umjetnost i obrt, u suradnji Grada Zagreba, Hinduisti\u010dke vjerske zajednice i Indijskog veleposlanstva u Zagrebu. Doga\u0111anjem je obilje\u017een i 8 o\u017eujak, Me\u0111unarodni dan \u017eena kroz predstavljanje velike indijske pjesnikinje Mire Bai i dvije poznate Hrvatice koje su obilje\u017eile pro\u0161lost, Cvijete Zuzori\u0107 i Ane Katarine Zrinski.Redovna okupljanja se odr\u017eavaju jednom tjedno u formi satsanga, a redovno proslavljamo i obilje\u017eavamo glavne hinduisti\u010dke festivale.U rujnu 2020. zapo\u010det je projekt izgradnje centra i Hindu Mandira u Hrvatskoj na zemlji koja sveukupno ima vi\u0161e od 12 ha.<\/p>\n\n\n\n<div class=\"wp-block-ugb-spacer ugb-spacer ugb-bfd8933 ugb-spacer--v2 ugb-main-block\"><div class=\"ugb-inner-block\"><div class=\"ugb-block-content\"><div class=\"ugb-spacer--inner\"><\/div><\/div><\/div><\/div>\n\n\n\n<div class=\"alignfull wp-block-ugb-header ugb-header ugb-154e69b ugb-header ugb-header--v3 ugb-header--design-plain ugb-main-block ugb-main-block--inner-center ugb--has-block-background ugb--has-background-overlay\"><style>.ugb-154e69b .ugb-header__title{font-size:35px !important;color:var(--theme-palette-color-5,#ffffff)}.ugb-154e69b .ugb-header__subtitle{font-size:12px !important;color:var(--theme-palette-color-5,#ffffff)}.ugb-154e69b.ugb-header{background-color:#000000;background-image:url(http:\/\/sanatankultura.com\/wp-content\/uploads\/2020\/12\/Vasudara.jpg)}.ugb-154e69b.ugb-header:before{background-color:#000000;opacity:0.3}@media screen and (max-width:1025px){.ugb-154e69b .ugb-header__title{font-size:20px !important}}@media screen and (max-width:768px){.ugb-154e69b .ugb-header__title{font-size:20px !important}}<\/style><div class=\"ugb-inner-block ugb-inner-block--center\"><div class=\"ugb-block-content\"><div class=\"ugb-header__item\"><div class=\"ugb-content-wrapper\"><h2 class=\"ugb-header__title\">Om Saha N\u0101vavatu | Saha Nau Bhunaktu |<br>Saha V\u012bryam Karav\u0101vahai |<br>Te\u0111asvi N\u0101vadh\u012btamastu M\u0101 Vidvi\u0161\u0101vahai |<br>Om \u015b\u0101nti\u1e25 \u015b\u0101nti\u1e25 \u015b\u0101nti\u1e25 ||<\/h2><p class=\"ugb-header__subtitle\">\u0950 \u0938\u0939 \u0928\u093e\u0935\u0935\u0924\u0941 \u0964 \u0938\u0939 \u0928\u094c \u092d\u0941\u0928\u0915\u094d\u0924\u0941 \u0964 \u0938\u0939 \u0935\u0940\u0930\u094d\u092f\u0902 \u0915\u0930\u0935\u093e\u0935\u0939\u0948 \u0964 \u0924\u0947\u091c\u0938\u094d\u0935\u093f \u0928\u093e\u0935\u0927\u0940\u0924\u092e\u0938\u094d\u0924\u0941 \u092e\u093e \u0935\u093f\u0926\u094d\u0935\u093f\u0937\u093e\u0935\u0939\u0948 \u0964 \u0950 \u0936\u093e\u0928\u094d\u0924\u093f\u0903 \u0936\u093e\u0928\u094d\u0924\u093f\u0903 \u0936\u093e\u0928\u094d\u0924\u093f\u0903 \u0965<br><br>Om Paramatmo, za\u0161titi i blagoslovi nas oboje. Daj nam snage da dovr\u0161imo put do vje\u010dnog znanja.<br>Pomozi nam da se ne razdvojimo i da vje\u010dno povezani kro\u010dimo putem.<br>Om mir, mir, mir.<\/p><\/div><\/div><\/div><\/div><\/div>\n\n\n\n<div class=\"wp-block-ugb-spacer ugb-spacer ugb-2194b95 ugb-spacer--v2 ugb-main-block\"><style>@media screen and (min-width:768px){.ugb-2194b95.ugb-spacer{height:100px}}<\/style><div class=\"ugb-inner-block\"><div class=\"ugb-block-content\"><div class=\"ugb-spacer--inner\"><\/div><\/div><\/div><\/div>\n\n\n\n<div class=\"wp-block-ugb-heading aligncenter ugb-heading ugb-e244fea ugb-main-block\"><style>.ugb-e244fea .ugb-heading__title{color:var(--theme-palette-color-4,#232126);font-size:40px !important;line-height:1.2em !important;text-align:left}.ugb-e244fea .ugb-inner-block{text-align:left}@media screen and (max-width:1025px){.ugb-e244fea .ugb-heading__title{font-size:40px !important}}<\/style><div class=\"ugb-inner-block\"><div class=\"ugb-block-content\"><h2 class=\"ugb-heading__title\">Izgradnja Mandira i Sri Alakhpuriji Ashrama <\/h2><\/div><\/div><\/div>\n\n\n\n<p class=\"has-text-align-left has-palette-color-4-color has-text-color\" data-block-type=\"core\">Mandir je hram u kojem se Bo\u017eanski princip po\u0161tuje u najrazli\u010ditijim aspektima (sarva devata), ili je posve\u0107en jednom posebnom aspektu bo\u017eanskoga kojega grupa vjernika osobito po\u0161tuje (pitham). U mandiru se Bo\u017eanski princip po\u0161tuje kroz slu\u017ebu i ceremonije (npr. pu\u0111a \u2013 \u0161tovanje, arati-ponuda svjetla), kroz ceremonije vatre (havan, homa, ja\u0111na), kroz ponavljanje Bo\u017ejih imena (nam-\u0111apa), molitvu (mantra-\u0111apa), recitiranjem svetih himni iz svetih spisa (sukta, a\u0161taka, upani\u0161ad, itd). kroz pjesme (bha\u0111an, kirtan), svetim (posve\u0107enom Bo\u017eanskom principu) plesom (npr. bharat natjam, odissi i dr. ), duhovnom podukom i razmjenom duhovnih misli (satsang), itd.<\/p>\n\n\n\n<div class=\"wp-block-ugb-feature ugb-feature ugb-ce60d98 ugb-feature--v2 ugb-feature--design-plain ugb-feature--invert ugb-main-block\"><style>.ugb-ce60d98 .ugb-inner-block{text-align:left}@media screen and (min-width:768px){.ugb-ce60d98 .ugb-feature__item{grid-template-columns:0.80fr 1.20fr !important}}<\/style><div class=\"ugb-inner-block\"><div class=\"ugb-block-content\"><div class=\"ugb-feature__item\"><div class=\"ugb-feature__content\"><p class=\"ugb-feature__description\">A\u0161ram doslovno zna\u010di (a-dobrodo\u0161li, \u0161ram-raditi) mjesto gdje ste dobrodo\u0161li ne\u0161to raditi za druge i za sebe. A\u0161ram je mjesto gdje se radi na sebi u duhovnom smislu. To je mjesto duhovne aktivnosti kroz svakodnevno prakticiranje joge u svim njenim oblicima jednako, prakticiranje karma joge, bhakti joge, gjan joge i ra\u0111a joge uz na\u010din \u017eivota koji omogu\u0107ava potpuno posve\u0107ivanje tom zadatku. A\u0161ram je uto\u010di\u0161te. Smisao \u017eivota u a\u0161ramu je smisao joge, prosvjetljenje i mok\u0161a. U a\u0161ramu obi\u010dno \u017eive sanjasiji i aspiranti koji \u017eele i imaju mogu\u0107nost potpuno posvetiti jedan period svog \u017eivota duhovnosti, ali smisao postojanja a\u0161rama je i taj da predstavlja mjesto duhovnog okupljanja za ljude koji ne \u017eive u a\u0161ramu nego vode svjetovan \u017eivot. A\u0161rami su, slobodno mo\u017eemo re\u0107i, svjetionici i luke na burnom moru samsare. U stara vremena a\u0161rami su stanovnicima kraja gdje je a\u0161ram smje\u0161ten predstavljali glavnu to\u010dku okupljanja, mjesta sigurnosti, mjesta gdje su u\u010denici i mje\u0161tani dolazili svom u\u010ditelju-Guruu na dar\u0161an i po savjet, mjesta gdje su mogli dobiti svaku vrstu pomo\u0107i i smjernice za svoj \u017eivot. Isti taj smisao imaju a\u0161rami i danas. Kao i Mandira, ima ih sasvim malih kolibica uz obalu Gange i onih velikih koji funkcioniraju kao gradovi za sebe, ali gore opisana su\u0161tina i smisao im je isti, svjetionici i sigurne luke u moru Samsare.<\/p><\/div><div class=\"ugb-feature__image-side\"><img loading=\"lazy\" decoding=\"async\" width=\"1024\" height=\"682\" class=\"ugb-feature__image ugb-img wp-image-2158\" src=\"http:\/\/sanatankultura.com\/wp-content\/uploads\/2020\/12\/mandir-1024x682.jpg\" alt=\"\" srcset=\"https:\/\/sanatankultura.com\/wp-content\/uploads\/2020\/12\/mandir-1024x682.jpg 1024w, https:\/\/sanatankultura.com\/wp-content\/uploads\/2020\/12\/mandir-300x200.jpg 300w, https:\/\/sanatankultura.com\/wp-content\/uploads\/2020\/12\/mandir-768x512.jpg 768w, https:\/\/sanatankultura.com\/wp-content\/uploads\/2020\/12\/mandir-391x260.jpg 391w, https:\/\/sanatankultura.com\/wp-content\/uploads\/2020\/12\/mandir-1536x1024.jpg 1536w, https:\/\/sanatankultura.com\/wp-content\/uploads\/2020\/12\/mandir.jpg 1700w\" sizes=\"(max-width: 1024px) 100vw, 1024px\" \/><\/div><\/div><\/div><\/div><\/div>\n\n\n\n<div class=\"wp-block-ugb-spacer ugb-spacer ugb-9dd14d1 ugb-spacer--v2 ugb-main-block\"><style>@media screen and (min-width:768px){.ugb-9dd14d1.ugb-spacer{height:1px}}<\/style><div class=\"ugb-inner-block\"><div class=\"ugb-block-content\"><div class=\"ugb-spacer--inner\"><\/div><\/div><\/div><\/div>\n\n\n\n<div class=\"aligncenter wp-block-ugb-button ugb-button-wrapper ugb-691bee9 ugb-main-block\"><style>.ugb-691bee9 .ugb-block-content{justify-content:flex-end}.ugb-691bee9 .ugb-button1{background-color:var(--theme-palette-color-1,#f28705)}.ugb-691bee9 .ugb-button1 .ugb-button--inner,.ugb-691bee9 .ugb-button1 svg:not(.ugb-custom-icon){color:var(--theme-palette-color-5,#ffffff) !important}.ugb-691bee9 .ugb-button1:hover .ugb-button--inner,.ugb-691bee9 .ugb-button1:hover svg:not(.ugb-custom-icon){color:#222222 !important}.ugb-691bee9 .ugb-button1:hover{background-color:var(--theme-palette-color-2,#d95204);opacity:1}.ugb-691bee9 .ugb-inner-block{text-align:right}<\/style><div class=\"ugb-inner-block\"><div class=\"ugb-block-content\"><div class=\"ugb-button-container\"><a class=\"ugb-button1 ugb-button ugb-button--size-medium\" href=\"http:\/\/sanatankultura.com\/?page_id=1280\" rel=\"\" title=\"\"><span class=\"ugb-button--inner\">Podr\u017eite nas<\/span><\/a><\/div><\/div><\/div><\/div>\n\n\n\n<div class=\"wp-block-ugb-spacer ugb-spacer ugb-5163650 ugb-spacer--v2 ugb-main-block\"><style>@media screen and (min-width:768px){.ugb-5163650.ugb-spacer{height:100px}}<\/style><div class=\"ugb-inner-block\"><div class=\"ugb-block-content\"><div class=\"ugb-spacer--inner\"><\/div><\/div><\/div><\/div>\n","protected":false},"excerpt":{"rendered":"<p>Vjerska zajednica Hinduisti\u010dka vjerska zajednica Hrvatske slijedi filozofiju Sat Sanatan Dharme, istinsku vezu sa Bo\u017eanskim jastvom, ono \u0161to dr\u017ei dru\u0161tvo i civilizaciju u skladu uz upoznavanje sa vje\u010dnim zakonima koji upravljaju univerzumom. HVZH je registrirana vjerska zajednica \u010diji za\u010deci postojanja u Republici Hrvatskoj se\u017eu jo\u0161 od 1984. godine, a od 2019. godine dodijeljen joj je [&hellip;]<\/p>\n","protected":false},"author":1,"featured_media":2673,"parent":0,"menu_order":0,"comment_status":"closed","ping_status":"closed","template":"","meta":{"footnotes":""},"class_list":["post-1281","page","type-page","status-publish","has-post-thumbnail","hentry"],"blocksy_meta":{"styles_descriptor":{"styles":{"desktop":"","tablet":"","mobile":""},"google_fonts":[],"version":6}},"featured_image_urls":{"full":["https:\/\/sanatankultura.com\/wp-content\/uploads\/2020\/12\/ashram.jpg",1920,1200,false],"thumbnail":["https:\/\/sanatankultura.com\/wp-content\/uploads\/2020\/12\/ashram-150x150.jpg",150,150,true],"medium":["https:\/\/sanatankultura.com\/wp-content\/uploads\/2020\/12\/ashram-300x188.jpg",300,188,true],"medium_large":["https:\/\/sanatankultura.com\/wp-content\/uploads\/2020\/12\/ashram-768x480.jpg",768,480,true],"large":["https:\/\/sanatankultura.com\/wp-content\/uploads\/2020\/12\/ashram-1024x640.jpg",1024,640,true],"thumblist":["https:\/\/sanatankultura.com\/wp-content\/uploads\/2020\/12\/ashram-300x300.jpg",300,300,true],"meccarouselthumb":["https:\/\/sanatankultura.com\/wp-content\/uploads\/2020\/12\/ashram-474x324.jpg",474,324,true],"gridsquare":["https:\/\/sanatankultura.com\/wp-content\/uploads\/2020\/12\/ashram-391x260.jpg",391,260,true],"tileview":["https:\/\/sanatankultura.com\/wp-content\/uploads\/2020\/12\/ashram-300x400.jpg",300,400,true],"1536x1536":["https:\/\/sanatankultura.com\/wp-content\/uploads\/2020\/12\/ashram-1536x960.jpg",1536,960,true],"2048x2048":["https:\/\/sanatankultura.com\/wp-content\/uploads\/2020\/12\/ashram.jpg",1920,1200,false]},"post_excerpt_stackable":"<p>Vjerska zajednica Hinduisti\u010dka vjerska zajednica Hrvatske slijedi filozofiju Sat Sanatan Dharme, istinsku vezu sa Bo\u017eanskim jastvom, ono \u0161to dr\u017ei dru\u0161tvo i civilizaciju u skladu uz upoznavanje sa vje\u010dnim zakonima koji upravljaju univerzumom. HVZH je registrirana vjerska zajednica \u010diji za\u010deci postojanja u Republici Hrvatskoj se\u017eu jo\u0161 od 1984. godine, a od 2019. godine dodijeljen joj je i poseban savjetodavni statuspri Gospodarskom i socijalnom vije\u0107u UN-a (ECOSOC). Aktivnosti i rad zajednice i svih njenih slu\u017ebenika i \u010dlanova po\u010divaju na principima me\u0111ureligijske i me\u0111urasne tolerantnosti i dijaloga, uva\u017eavanja ljudskog roda kao cjeline, uva\u017eavanja svih \u017eivih bi\u0107a, okoli\u0161a, po\u0161tivanju tradicija i njegovanju mirotvorstva. Djelovanje&hellip;<\/p>\n","category_list":"","author_info":{"name":"Swami Vivek Puri","url":"https:\/\/sanatankultura.com\/?author=1"},"comments_num":"0 comments","featured_image_urls_v2":{"full":["https:\/\/sanatankultura.com\/wp-content\/uploads\/2020\/12\/ashram.jpg",1920,1200,false],"thumbnail":["https:\/\/sanatankultura.com\/wp-content\/uploads\/2020\/12\/ashram-150x150.jpg",150,150,true],"medium":["https:\/\/sanatankultura.com\/wp-content\/uploads\/2020\/12\/ashram-300x188.jpg",300,188,true],"medium_large":["https:\/\/sanatankultura.com\/wp-content\/uploads\/2020\/12\/ashram-768x480.jpg",768,480,true],"large":["https:\/\/sanatankultura.com\/wp-content\/uploads\/2020\/12\/ashram-1024x640.jpg",1024,640,true],"thumblist":["https:\/\/sanatankultura.com\/wp-content\/uploads\/2020\/12\/ashram-300x300.jpg",300,300,true],"meccarouselthumb":["https:\/\/sanatankultura.com\/wp-content\/uploads\/2020\/12\/ashram-474x324.jpg",474,324,true],"gridsquare":["https:\/\/sanatankultura.com\/wp-content\/uploads\/2020\/12\/ashram-391x260.jpg",391,260,true],"tileview":["https:\/\/sanatankultura.com\/wp-content\/uploads\/2020\/12\/ashram-300x400.jpg",300,400,true],"1536x1536":["https:\/\/sanatankultura.com\/wp-content\/uploads\/2020\/12\/ashram-1536x960.jpg",1536,960,true],"2048x2048":["https:\/\/sanatankultura.com\/wp-content\/uploads\/2020\/12\/ashram.jpg",1920,1200,false]},"post_excerpt_stackable_v2":"<p>Vjerska zajednica Hinduisti\u010dka vjerska zajednica Hrvatske slijedi filozofiju Sat Sanatan Dharme, istinsku vezu sa Bo\u017eanskim jastvom, ono \u0161to dr\u017ei dru\u0161tvo i civilizaciju u skladu uz upoznavanje sa vje\u010dnim zakonima koji upravljaju univerzumom. HVZH je registrirana vjerska zajednica \u010diji za\u010deci postojanja u Republici Hrvatskoj se\u017eu jo\u0161 od 1984. godine, a od 2019. godine dodijeljen joj je i poseban savjetodavni statuspri Gospodarskom i socijalnom vije\u0107u UN-a (ECOSOC). Aktivnosti i rad zajednice i svih njenih slu\u017ebenika i \u010dlanova po\u010divaju na principima me\u0111ureligijske i me\u0111urasne tolerantnosti i dijaloga, uva\u017eavanja ljudskog roda kao cjeline, uva\u017eavanja svih \u017eivih bi\u0107a, okoli\u0161a, po\u0161tivanju tradicija i njegovanju mirotvorstva. Djelovanje&hellip;<\/p>\n","category_list_v2":"","author_info_v2":{"name":"Swami Vivek Puri","url":"https:\/\/sanatankultura.com\/?author=1"},"comments_num_v2":"0 comments","_links":{"self":[{"href":"https:\/\/sanatankultura.com\/index.php?rest_route=\/wp\/v2\/pages\/1281"}],"collection":[{"href":"https:\/\/sanatankultura.com\/index.php?rest_route=\/wp\/v2\/pages"}],"about":[{"href":"https:\/\/sanatankultura.com\/index.php?rest_route=\/wp\/v2\/types\/page"}],"author":[{"embeddable":true,"href":"https:\/\/sanatankultura.com\/index.php?rest_route=\/wp\/v2\/users\/1"}],"replies":[{"embeddable":true,"href":"https:\/\/sanatankultura.com\/index.php?rest_route=%2Fwp%2Fv2%2Fcomments&post=1281"}],"version-history":[{"count":89,"href":"https:\/\/sanatankultura.com\/index.php?rest_route=\/wp\/v2\/pages\/1281\/revisions"}],"predecessor-version":[{"id":3908,"href":"https:\/\/sanatankultura.com\/index.php?rest_route=\/wp\/v2\/pages\/1281\/revisions\/3908"}],"wp:featuredmedia":[{"embeddable":true,"href":"https:\/\/sanatankultura.com\/index.php?rest_route=\/wp\/v2\/media\/2673"}],"wp:attachment":[{"href":"https:\/\/sanatankultura.com\/index.php?rest_route=%2Fwp%2Fv2%2Fmedia&parent=1281"}],"curies":[{"name":"wp","href":"https:\/\/api.w.org\/{rel}","templated":true}]}}